{"id":35,"date":"2012-01-19T09:22:09","date_gmt":"2012-01-19T08:22:09","guid":{"rendered":"http:\/\/snakenet.eu\/blog\/?page_id=35"},"modified":"2024-11-30T18:09:22","modified_gmt":"2024-11-30T17:09:22","slug":"dns-cest-quoi","status":"publish","type":"page","link":"https:\/\/snakenet.eu\/blog\/dns-cest-quoi\/","title":{"rendered":"DNS &#8211; c&rsquo;est quoi?"},"content":{"rendered":"\n<p>Dans la vie de tous les jours, quand vous vous dites: \u00ab\u00a0je vais chez Maman\u00a0\u00bb, vous traduisez \u00e7a par \u00ab\u00a022, rue des alouettes \u00e0 Bruxelles\u00a0\u00bb<br> Et bien un ordinateur, c&rsquo;est pareil. Sauf que son trip \u00e0 lui, ce sont les chiffres&#8230; Et donc, il traduira \u00ab\u00a0je veux aller sur Google.com\u00a0\u00bb en \u00ab\u00a066.102.1.139\u00a0\u00bb (par exemple)<\/p>\n\n\n\n<p>Pourquoi? Parce qu&rsquo;il ne comprend que les chiffres (b\u00eate machine) et que nous serions incapables de retenir toutes les adresses IP du monde. (b\u00eate humain)<\/p>\n\n\n\n<p>Le DNS s&rsquo;occupe donc de cela pour nous&#8230; Votre fournisseur d&rsquo;acc\u00e8s \u00e0 internet vous fournit un serveur de DNS, pas la peine d&rsquo;en chercher un \ud83d\ude42<\/p>\n\n\n\n<p>Sauf que&#8230; \u00e0 cause de certains <del>frustr\u00e9s<\/del>, d\u00e9cisions de loi, certains sites sont bloqu\u00e9s au niveau DNS afin que vous ne sachiez plus acc\u00e9der aux sites interdits. (exemple: piratebay.org)<br>En gros, vous demandez pour aller chez \u00ab\u00a0Maman\u00a0\u00bb et on vous envoie vers \u00ab\u00a02\u00e8me crat\u00e8re \u00e0 droite, la lune\u00a0\u00bb pour ne pas que vous arriviez \u00e0 la bonne destination.<\/p>\n\n\n\n<p>Comment \u00ab\u00a0lire\u00a0\u00bb un DNS&#8230;<br>Tout simplement, de droite \u00e0 gauche par blocs s\u00e9par\u00e9s par les points. <br>www.google.com se r\u00e9souds en demandant \u00e0 .COM s&rsquo;il connait GOOGLE et en demandant \u00e0 GOOGLE s&rsquo;il connait WWW.<br>www.google.be signifie que la page www appartient \u00e0 google qui appartient \u00e0 be.<br>www.google.be.arnaque.com signifie que la page que vous visitez appartient \u00e0 google qui appartient \u00e0 be qui appartient \u00e0 arnaque qui appartient \u00e0 com&#8230; on n&rsquo;est donc pas sur la bonne page officielle&#8230;<\/p>\n\n\n\n<p>Si vous voulez contourner ce bloquage, il existe plusieurs m\u00e9thodes&#8230; Que vous trouverez dans les articles de ce site.<\/p>\n\n\n\n<p>Ca passe par:<\/p>\n\n\n\n<ul class=\"wp-block-list\">\n<li>Choisir un autre fournisseur DNS<\/li>\n\n\n\n<li>S&rsquo;en construire un<\/li>\n\n\n\n<li>Utiliser un VPN<\/li>\n\n\n\n<li>&#8230;<\/li>\n<\/ul>\n\n\n\n<p>Bon surf.<\/p>\n","protected":false},"excerpt":{"rendered":"<p>Dans la vie de tous les jours, quand vous vous dites: \u00ab\u00a0je vais chez Maman\u00a0\u00bb, vous traduisez \u00e7a par \u00ab\u00a022, rue des alouettes \u00e0 Bruxelles\u00a0\u00bb Et bien un ordinateur, c&rsquo;est pareil. Sauf que son trip \u00e0 lui, ce sont les chiffres&#8230; Et donc, il traduira \u00ab\u00a0je veux aller sur Google.com\u00a0\u00bb en \u00ab\u00a066.102.1.139\u00a0\u00bb (par exemple) Pourquoi? [&hellip;]<\/p>\n","protected":false},"author":2,"featured_media":0,"parent":0,"menu_order":0,"comment_status":"open","ping_status":"open","template":"","meta":{"footnotes":""},"class_list":["post-35","page","type-page","status-publish","hentry"],"_links":{"self":[{"href":"https:\/\/snakenet.eu\/blog\/wp-json\/wp\/v2\/pages\/35","targetHints":{"allow":["GET"]}}],"collection":[{"href":"https:\/\/snakenet.eu\/blog\/wp-json\/wp\/v2\/pages"}],"about":[{"href":"https:\/\/snakenet.eu\/blog\/wp-json\/wp\/v2\/types\/page"}],"author":[{"embeddable":true,"href":"https:\/\/snakenet.eu\/blog\/wp-json\/wp\/v2\/users\/2"}],"replies":[{"embeddable":true,"href":"https:\/\/snakenet.eu\/blog\/wp-json\/wp\/v2\/comments?post=35"}],"version-history":[{"count":6,"href":"https:\/\/snakenet.eu\/blog\/wp-json\/wp\/v2\/pages\/35\/revisions"}],"predecessor-version":[{"id":749,"href":"https:\/\/snakenet.eu\/blog\/wp-json\/wp\/v2\/pages\/35\/revisions\/749"}],"wp:attachment":[{"href":"https:\/\/snakenet.eu\/blog\/wp-json\/wp\/v2\/media?parent=35"}],"curies":[{"name":"wp","href":"https:\/\/api.w.org\/{rel}","templated":true}]}}